{"id":23,"date":"2023-02-07T13:07:18","date_gmt":"2023-02-07T13:07:18","guid":{"rendered":"https:\/\/buergeruni.hhu-blog.de\/?page_id=23"},"modified":"2026-03-23T12:10:14","modified_gmt":"2026-03-23T11:10:14","slug":"ueber-die-buergeruni","status":"publish","type":"page","link":"https:\/\/buergeruni.hhu-blog.de\/index.php\/ueber-die-buergeruni\/","title":{"rendered":"\u00dcber die B\u00fcrgeruni"},"content":{"rendered":"<p>Als B\u00fcrgeruniversit\u00e4t sucht die Heinrich-Heine-Universit\u00e4t den Austausch zwischen Wissenschaft und Gesellschaft. Wir m\u00f6chten alle Interessierten an der Forschung und Lehre der Universit\u00e4t teilhaben lassen. Um diesen Austausch zu f\u00f6rdern, bieten wir ein \u00f6ffentliches und kostenfreies Veranstaltungsprogramm an und laden interessierte B\u00fcrger*innen im Rahmen von partizipativen Forschungsprojekten zum aktiven Mitforschen ein und f\u00f6rdern das gesellschaftliche Engagement unserer Studierenden in der Lehre.<\/p>\n<p>Ganz im Sinne unseres Namenspatrons Heinrich Heine treten wir f\u00fcr wissenschaftlichen Fortschritt und die Wissenschaft als Voraussetzung f\u00fcr eine freiheitliche und demokratische Gesellschaft ein. Kaum ein anderer Dichter und Schriftsteller kann die B\u00fcrgeruniversit\u00e4t mit seinem Werk und den durch ihn verk\u00f6rperten Werten \u2013 Toleranz, Weltoffenheit, Gleichheit und Freiheit \u2013 besser repr\u00e4sentieren als er. In einer Zeit, in der schlichte Unwahrheiten zu \u201ealternativen Fakten\u201c erkl\u00e4rt und wissenschaftliche Erkenntnisse als \u201eFake News\u201c abgetan werden, sind seine Werte wichtiger denn je.<\/p>\n<p>Als B\u00fcrgeruniversit\u00e4t wollen wir Teil einer Gesellschaft sein, in der Wissenschaft und \u00d6ffentlichkeit auf Augenh\u00f6he an L\u00f6sungen f\u00fcr gesellschaftliche Herausforderungen arbeiten, Desinformation entgegentreten und gemeinsam eine lebenswerte Zukunft gestalten.<\/p>\n<p><strong>Alles \u00fcber die B\u00fcrgeruniversit\u00e4t unter: <a href=\"http:\/\/www.buergeruni.hhu.de\" target=\"_blank\" rel=\"noopener\">www.buergeruni.hhu.de<\/a><\/strong><\/p>\n<p><b>\u00a0<\/b><\/p>\n<div class=\"csc-header csc-header-n1\">\n<h2 class=\"csc-firstHeader\">Programm B\u00fcrgeruniversit\u00e4t<\/h2>\n<\/div>\n<div class=\"csc-textpic-text\" data-wp-editing=\"1\">\n<p><a href=\"https:\/\/www.buergeruni.hhu.de\/fileadmin\/redaktion\/Buergeruniversitaet\/Dateien\/Buergeruni_Programm_Fruehling-Sommer_2026.pdf\" target=\"_blank\" rel=\"noopener\"><img loading=\"lazy\" decoding=\"async\" class=\"wp-image-1820 size-medium alignleft\" src=\"https:\/\/buergeruni.hhu-blog.de\/wp-content\/uploads\/2026\/03\/Programm_Frueling-Sommer-26-146x300.png\" alt=\"\" width=\"146\" height=\"300\" srcset=\"https:\/\/buergeruni.hhu-blog.de\/wp-content\/uploads\/2026\/03\/Programm_Frueling-Sommer-26-146x300.png 146w, https:\/\/buergeruni.hhu-blog.de\/wp-content\/uploads\/2026\/03\/Programm_Frueling-Sommer-26-497x1024.png 497w, https:\/\/buergeruni.hhu-blog.de\/wp-content\/uploads\/2026\/03\/Programm_Frueling-Sommer-26-768x1581.png 768w, https:\/\/buergeruni.hhu-blog.de\/wp-content\/uploads\/2026\/03\/Programm_Frueling-Sommer-26-746x1536.png 746w, https:\/\/buergeruni.hhu-blog.de\/wp-content\/uploads\/2026\/03\/Programm_Frueling-Sommer-26-995x2048.png 995w, https:\/\/buergeruni.hhu-blog.de\/wp-content\/uploads\/2026\/03\/Programm_Frueling-Sommer-26.png 1113w\" sizes=\"auto, (max-width: 146px) 100vw, 146px\" \/><\/a><\/p>\n<p>Um den Austausch zwischen Wissenschaft und Gesellschaft zu f\u00f6rdern und ins Gespr\u00e4ch zu kommen, f\u00fchren wir alle Veranstaltungen, die sich an B\u00fcrger*innen richten, in einem eigenen <a href=\"https:\/\/www.buergeruni.hhu.de\/stabsstelle-buergeruniversitaet\/veranstaltungen\/printprogramm-buergeruniversitaet\" target=\"_blank\" rel=\"noopener\">Veranstaltungsprogramm<\/a> zusammen. Es erscheint zwei Mal j\u00e4hrlich, jeweils im Fr\u00fchjahr und Herbst zum Start eines Semesters. Wir laden euch herzlich zur Teilnahme ein!<\/p>\n<p>Die Veranstaltungen aus dem Programm B\u00fcrgeruniversit\u00e4t finden entweder auf dem Campus der HHU, im Haus der Universit\u00e4t oder an anderen \u2013 speziell gekennzeichneten \u2013 Orten in D\u00fcsseldorf statt. Bis auf wenige Ausnahmen sind die Veranstaltungen kostenfrei.<\/p>\n<p>Die Veranstaltungen finden in Pr\u00e4senz statt. Bei ausgew\u00e4hlten Terminen bieten wir zus\u00e4tzlich einen Livestream an. Weitere Informationen findet ihr tagesaktuell\u00a0in\u00a0<a href=\"https:\/\/www.buergeruni.hhu.de\/stabsstelle-buergeruniversitaet\/veranstaltungen\/veranstaltungskalender\" target=\"_blank\" rel=\"noreferrer noopener\">unserem Veranstaltungskalender<\/a>.<\/p>\n<p>Die meisten Veranstaltungen werden im Haus der Universit\u00e4t durchgef\u00fchrt. Weitere Informationen zum Haus gibt es unter <a href=\"http:\/\/www.hdu.hhu.de\/\" target=\"_blank\" rel=\"noopener noreferrer\" data-wp-editing=\"1\">www.hdu.hhu.de<\/a>.<\/p>\n<\/div>\n","protected":false},"excerpt":{"rendered":"<p>Als B\u00fcrgeruniversit\u00e4t sucht die Heinrich-Heine-Universit\u00e4t den Austausch zwischen Wissenschaft und Gesellschaft. Wir m\u00f6chten alle Interessierten an der Forschung und Lehre der Universit\u00e4t teilhaben lassen. Um diesen Austausch zu f\u00f6rdern, bieten wir ein \u00f6ffentliches und kostenfreies Veranstaltungsprogramm an und laden interessierte B\u00fcrger*innen im Rahmen von partizipativen Forschungsprojekten zum aktiven Mitforschen ein und f\u00f6rdern das gesellschaftliche Engagement [&hellip;]<\/p>\n","protected":false},"author":1,"featured_media":0,"parent":0,"menu_order":0,"comment_status":"closed","ping_status":"closed","template":"","meta":{"footnotes":""},"class_list":["post-23","page","type-page","status-publish","hentry"],"_links":{"self":[{"href":"https:\/\/buergeruni.hhu-blog.de\/index.php\/wp-json\/wp\/v2\/pages\/23","targetHints":{"allow":["GET"]}}],"collection":[{"href":"https:\/\/buergeruni.hhu-blog.de\/index.php\/wp-json\/wp\/v2\/pages"}],"about":[{"href":"https:\/\/buergeruni.hhu-blog.de\/index.php\/wp-json\/wp\/v2\/types\/page"}],"author":[{"embeddable":true,"href":"https:\/\/buergeruni.hhu-blog.de\/index.php\/wp-json\/wp\/v2\/users\/1"}],"replies":[{"embeddable":true,"href":"https:\/\/buergeruni.hhu-blog.de\/index.php\/wp-json\/wp\/v2\/comments?post=23"}],"version-history":[{"count":31,"href":"https:\/\/buergeruni.hhu-blog.de\/index.php\/wp-json\/wp\/v2\/pages\/23\/revisions"}],"predecessor-version":[{"id":1831,"href":"https:\/\/buergeruni.hhu-blog.de\/index.php\/wp-json\/wp\/v2\/pages\/23\/revisions\/1831"}],"wp:attachment":[{"href":"https:\/\/buergeruni.hhu-blog.de\/index.php\/wp-json\/wp\/v2\/media?parent=23"}],"curies":[{"name":"wp","href":"https:\/\/api.w.org\/{rel}","templated":true}]}}